{"id":4500,"date":"2016-10-05T13:54:28","date_gmt":"2016-10-05T13:54:28","guid":{"rendered":"http:\/\/heinz-immobilier.ch\/contact\/"},"modified":"2020-03-03T18:20:48","modified_gmt":"2020-03-03T17:20:48","slug":"contact","status":"publish","type":"page","link":"https:\/\/heinz-immobilier.ch\/de\/contact\/","title":{"rendered":"Contact"},"content":{"rendered":"\t\t<div data-elementor-type=\"wp-post\" data-elementor-id=\"4500\" class=\"elementor elementor-4500 elementor-2343\">\n\t\t\t\t\t\t<section class=\"elementor-section elementor-top-section elementor-element elementor-element-50b6c52d elementor-section-boxed elementor-section-height-default elementor-section-height-default\" data-id=\"50b6c52d\" data-element_type=\"section\" data-e-type=\"section\">\n\t\t\t\t\t\t<div class=\"elementor-container elementor-column-gap-default\">\n\t\t\t\t\t<div class=\"elementor-column elementor-col-100 elementor-top-column elementor-element elementor-element-e87200f\" data-id=\"e87200f\" data-element_type=\"column\" data-e-type=\"column\">\n\t\t\t<div class=\"elementor-widget-wrap elementor-element-populated\">\n\t\t\t\t\t\t<div class=\"elementor-element elementor-element-63350d60 elementor-widget elementor-widget-houzez_elementor_space\" data-id=\"63350d60\" data-element_type=\"widget\" data-e-type=\"widget\" data-widget_type=\"houzez_elementor_space.default\">\n\t\t\t\t<div class=\"elementor-widget-container\">\n\t\t\t\t\t<div style=\"clear:both; width:100%; height:50px\"><\/div>\t\t\t\t<\/div>\n\t\t\t\t<\/div>\n\t\t\t\t<div class=\"elementor-element elementor-element-9ce82fd elementor-widget elementor-widget-heading\" data-id=\"9ce82fd\" data-element_type=\"widget\" data-e-type=\"widget\" data-widget_type=\"heading.default\">\n\t\t\t\t<div class=\"elementor-widget-container\">\n\t\t\t\t\t<h1 class=\"elementor-heading-title elementor-size-xxl\">Kontakt<\/h1>\t\t\t\t<\/div>\n\t\t\t\t<\/div>\n\t\t\t\t<div class=\"elementor-element elementor-element-5c283849 elementor-widget elementor-widget-houzez_elementor_space\" data-id=\"5c283849\" data-element_type=\"widget\" data-e-type=\"widget\" data-widget_type=\"houzez_elementor_space.default\">\n\t\t\t\t<div class=\"elementor-widget-container\">\n\t\t\t\t\t<div style=\"clear:both; width:100%; height:20px\"><\/div>\t\t\t\t<\/div>\n\t\t\t\t<\/div>\n\t\t\t\t\t<\/div>\n\t\t<\/div>\n\t\t\t\t\t<\/div>\n\t\t<\/section>\n\t\t\t\t<section class=\"elementor-section elementor-top-section elementor-element elementor-element-78417c0a elementor-section-boxed elementor-section-height-default elementor-section-height-default elementor-invisible\" data-id=\"78417c0a\" data-element_type=\"section\" data-e-type=\"section\" data-settings=\"{&quot;animation&quot;:&quot;fadeIn&quot;}\">\n\t\t\t\t\t\t<div class=\"elementor-container elementor-column-gap-default\">\n\t\t\t\t\t<div class=\"elementor-column elementor-col-50 elementor-top-column elementor-element elementor-element-6c419ef0\" data-id=\"6c419ef0\" data-element_type=\"column\" data-e-type=\"column\">\n\t\t\t<div class=\"elementor-widget-wrap elementor-element-populated\">\n\t\t\t\t\t\t<div class=\"elementor-element elementor-element-9500a3b elementor-widget elementor-widget-heading\" data-id=\"9500a3b\" data-element_type=\"widget\" data-e-type=\"widget\" data-widget_type=\"heading.default\">\n\t\t\t\t<div class=\"elementor-widget-container\">\n\t\t\t\t\t<h2 class=\"elementor-heading-title elementor-size-default\">SENDEN SIE UNS EINE NACHRICHT<\/h2>\t\t\t\t<\/div>\n\t\t\t\t<\/div>\n\t\t\t\t<div class=\"elementor-element elementor-element-234fcd1b elementor-widget elementor-widget-text-editor\" data-id=\"234fcd1b\" data-element_type=\"widget\" data-e-type=\"widget\" data-widget_type=\"text-editor.default\">\n\t\t\t\t<div class=\"elementor-widget-container\">\n\t\t\t\t\t\t\t\t\t<div class=\"\" style=\"caret-color: #000000; font-family: ArialMT; font-size: 14px; text-size-adjust: auto;\"><div class=\"\" style=\"caret-color: #000000; font-family: ArialMT; font-size: 14px; text-size-adjust: auto;\">und wir werden Ihnen so schnell wie m\u00f6glich per E-Mail antworten.<\/div><\/div>\t\t\t\t\t\t\t\t<\/div>\n\t\t\t\t<\/div>\n\t\t\t\t<div class=\"elementor-element elementor-element-7fd2492b elementor-widget elementor-widget-shortcode\" data-id=\"7fd2492b\" data-element_type=\"widget\" data-e-type=\"widget\" data-widget_type=\"shortcode.default\">\n\t\t\t\t<div class=\"elementor-widget-container\">\n\t\t\t\t\t\t\t<div class=\"elementor-shortcode\">\n<div class=\"wpcf7 no-js\" id=\"wpcf7-f4503-o1\" lang=\"de-DE\" dir=\"ltr\" data-wpcf7-id=\"4503\">\n<div class=\"screen-reader-response\"><p role=\"status\" aria-live=\"polite\" aria-atomic=\"true\"><\/p> <ul><\/ul><\/div>\n<form action=\"\/de\/wp-json\/wp\/v2\/pages\/4500#wpcf7-f4503-o1\" method=\"post\" class=\"wpcf7-form init\" aria-label=\"Kontaktformular\" novalidate=\"novalidate\" data-status=\"init\">\n<fieldset class=\"hidden-fields-container\"><input type=\"hidden\" name=\"_wpcf7\" value=\"4503\" \/><input type=\"hidden\" name=\"_wpcf7_version\" value=\"6.1.5\" \/><input type=\"hidden\" name=\"_wpcf7_locale\" value=\"de_DE\" \/><input type=\"hidden\" name=\"_wpcf7_unit_tag\" value=\"wpcf7-f4503-o1\" \/><input type=\"hidden\" name=\"_wpcf7_container_post\" value=\"0\" \/><input type=\"hidden\" name=\"_wpcf7_posted_data_hash\" value=\"\" \/>\n<\/fieldset>\n<p><label>Name, Vorname<br \/>\n<span class=\"wpcf7-form-control-wrap\" data-name=\"your-name\"><input size=\"40\" maxlength=\"400\" class=\"wpcf7-form-control wpcf7-text wpcf7-validates-as-required\" aria-required=\"true\" aria-invalid=\"false\" value=\"\" type=\"text\" name=\"your-name\" \/><\/span> <\/label>\n<\/p>\n<p><label>E-mail Adresse<br \/>\n<span class=\"wpcf7-form-control-wrap\" data-name=\"your-email\"><input size=\"40\" maxlength=\"400\" class=\"wpcf7-form-control wpcf7-email wpcf7-validates-as-required wpcf7-text wpcf7-validates-as-email\" aria-required=\"true\" aria-invalid=\"false\" value=\"\" type=\"email\" name=\"your-email\" \/><\/span> <\/label>\n<\/p>\n<p><label>Telefon Nummer<br \/>\n<span class=\"wpcf7-form-control-wrap\" data-name=\"your-tel\"><input size=\"40\" maxlength=\"400\" class=\"wpcf7-form-control wpcf7-text\" aria-invalid=\"false\" value=\"\" type=\"text\" name=\"your-tel\" \/><\/span> <\/label>\n<\/p>\n<p><label>Bereich<br \/>\n<span class=\"wpcf7-form-control-wrap\" data-name=\"your-subject\"><input size=\"40\" maxlength=\"400\" class=\"wpcf7-form-control wpcf7-text wpcf7-validates-as-required\" aria-required=\"true\" aria-invalid=\"false\" value=\"\" type=\"text\" name=\"your-subject\" \/><\/span> <\/label>\n<\/p>\n<p><label>Ihre Nachricht<br \/>\n<span class=\"wpcf7-form-control-wrap\" data-name=\"your-message\"><textarea cols=\"40\" rows=\"10\" maxlength=\"2000\" class=\"wpcf7-form-control wpcf7-textarea wpcf7-validates-as-required\" aria-required=\"true\" aria-invalid=\"false\" name=\"your-message\"><\/textarea><\/span> <\/label>\n<\/p>\n<p><input class=\"wpcf7-form-control wpcf7-submit has-spinner\" type=\"submit\" value=\"Senden\" \/>\n<\/p><div class=\"wpcf7-response-output\" aria-hidden=\"true\"><\/div>\n<\/form>\n<\/div>\n<\/div>\n\t\t\t\t\t\t<\/div>\n\t\t\t\t<\/div>\n\t\t\t\t\t<\/div>\n\t\t<\/div>\n\t\t\t\t<div class=\"elementor-column elementor-col-50 elementor-top-column elementor-element elementor-element-53a037be\" data-id=\"53a037be\" data-element_type=\"column\" data-e-type=\"column\">\n\t\t\t<div class=\"elementor-widget-wrap elementor-element-populated\">\n\t\t\t\t\t\t<div class=\"elementor-element elementor-element-c654300 elementor-widget elementor-widget-heading\" data-id=\"c654300\" data-element_type=\"widget\" data-e-type=\"widget\" data-widget_type=\"heading.default\">\n\t\t\t\t<div class=\"elementor-widget-container\">\n\t\t\t\t\t<h2 class=\"elementor-heading-title elementor-size-default\">Gerne stehen wir f\u00fcr weitere Fragen  zu Ihrer Verf\u00fcgung<\/h2>\t\t\t\t<\/div>\n\t\t\t\t<\/div>\n\t\t\t\t<div class=\"elementor-element elementor-element-1f744fc2 elementor-widget elementor-widget-text-editor\" data-id=\"1f744fc2\" data-element_type=\"widget\" data-e-type=\"widget\" data-widget_type=\"text-editor.default\">\n\t\t\t\t<div class=\"elementor-widget-container\">\n\t\t\t\t\t\t\t\t\t<p>HEINZ IMMOBILIER<\/p><p>Rue de la Poste 25<br \/>CH 1936 Verbier<\/p><p>+41 79 306 27 09<\/p>\t\t\t\t\t\t\t\t<\/div>\n\t\t\t\t<\/div>\n\t\t\t\t<div class=\"elementor-element elementor-element-fc78d17 elementor-widget elementor-widget-image\" data-id=\"fc78d17\" data-element_type=\"widget\" data-e-type=\"widget\" data-widget_type=\"image.default\">\n\t\t\t\t<div class=\"elementor-widget-container\">\n\t\t\t\t\t\t\t\t\t\t\t\t\t\t\t<img fetchpriority=\"high\" decoding=\"async\" width=\"1024\" height=\"768\" src=\"https:\/\/heinz-immobilier.ch\/wp-content\/uploads\/2019\/12\/heinz_immobilier_contact-1024x768.jpg\" class=\"attachment-large size-large wp-image-4485\" alt=\"\" srcset=\"https:\/\/heinz-immobilier.ch\/wp-content\/uploads\/2019\/12\/heinz_immobilier_contact-1024x768.jpg 1024w, https:\/\/heinz-immobilier.ch\/wp-content\/uploads\/2019\/12\/heinz_immobilier_contact-300x225.jpg 300w, https:\/\/heinz-immobilier.ch\/wp-content\/uploads\/2019\/12\/heinz_immobilier_contact-768x576.jpg 768w, https:\/\/heinz-immobilier.ch\/wp-content\/uploads\/2019\/12\/heinz_immobilier_contact-150x113.jpg 150w, https:\/\/heinz-immobilier.ch\/wp-content\/uploads\/2019\/12\/heinz_immobilier_contact-350x263.jpg 350w, https:\/\/heinz-immobilier.ch\/wp-content\/uploads\/2019\/12\/heinz_immobilier_contact-640x480.jpg 640w, https:\/\/heinz-immobilier.ch\/wp-content\/uploads\/2019\/12\/heinz_immobilier_contact.jpg 1200w\" sizes=\"(max-width: 1024px) 100vw, 1024px\" \/>\t\t\t\t\t\t\t\t\t\t\t\t\t\t\t<\/div>\n\t\t\t\t<\/div>\n\t\t\t\t\t<\/div>\n\t\t<\/div>\n\t\t\t\t\t<\/div>\n\t\t<\/section>\n\t\t\t\t<\/div>\n\t\t","protected":false},"excerpt":{"rendered":"<p>Kontakt SENDEN SIE UNS EINE NACHRICHT und wir werden Ihnen so schnell wie m\u00f6glich per E-Mail antworten. Gerne stehen wir f\u00fcr weitere Fragen zu Ihrer Verf\u00fcgung HEINZ IMMOBILIER Rue de la Poste 25 CH 1936 Verbier +41 79 306 27 09<\/p>\n","protected":false},"author":1,"featured_media":0,"parent":0,"menu_order":0,"comment_status":"closed","ping_status":"closed","template":"elementor_header_footer","meta":{"footnotes":""},"class_list":["post-4500","page","type-page","status-publish","hentry"],"yoast_head":"<!-- This site is optimized with the Yoast SEO plugin v27.1.1 - https:\/\/yoast.com\/product\/yoast-seo-wordpress\/ -->\n<title>Contact - heinz immobilier<\/title>\n<meta name=\"robots\" content=\"index, follow, max-snippet:-1, max-image-preview:large, max-video-preview:-1\" \/>\n<link rel=\"canonical\" href=\"https:\/\/heinz-immobilier.ch\/de\/contact\/\" \/>\n<meta property=\"og:locale\" content=\"de_DE\" \/>\n<meta property=\"og:type\" content=\"article\" \/>\n<meta property=\"og:title\" content=\"Contact - heinz immobilier\" \/>\n<meta property=\"og:description\" content=\"Kontakt SENDEN SIE UNS EINE NACHRICHT und wir werden Ihnen so schnell wie m\u00f6glich per E-Mail antworten. Gerne stehen wir f\u00fcr weitere Fragen zu Ihrer Verf\u00fcgung HEINZ IMMOBILIER Rue de la Poste 25 CH 1936 Verbier +41 79 306 27 09\" \/>\n<meta property=\"og:url\" content=\"https:\/\/heinz-immobilier.ch\/de\/contact\/\" \/>\n<meta property=\"og:site_name\" content=\"heinz immobilier\" \/>\n<meta property=\"article:modified_time\" content=\"2020-03-03T17:20:48+00:00\" \/>\n<meta property=\"og:image\" content=\"https:\/\/heinz-immobilier.ch\/wp-content\/uploads\/2019\/12\/heinz_immobilier_contact-1024x768.jpg\" \/>\n<meta name=\"twitter:card\" content=\"summary_large_image\" \/>\n<script type=\"application\/ld+json\" class=\"yoast-schema-graph\">{\"@context\":\"https:\/\/schema.org\",\"@graph\":[{\"@type\":\"WebPage\",\"@id\":\"https:\/\/heinz-immobilier.ch\/de\/contact\/\",\"url\":\"https:\/\/heinz-immobilier.ch\/de\/contact\/\",\"name\":\"Contact - heinz immobilier\",\"isPartOf\":{\"@id\":\"https:\/\/heinz-immobilier.ch\/de\/#website\"},\"primaryImageOfPage\":{\"@id\":\"https:\/\/heinz-immobilier.ch\/de\/contact\/#primaryimage\"},\"image\":{\"@id\":\"https:\/\/heinz-immobilier.ch\/de\/contact\/#primaryimage\"},\"thumbnailUrl\":\"https:\/\/heinz-immobilier.ch\/wp-content\/uploads\/2019\/12\/heinz_immobilier_contact-1024x768.jpg\",\"datePublished\":\"2016-10-05T13:54:28+00:00\",\"dateModified\":\"2020-03-03T17:20:48+00:00\",\"breadcrumb\":{\"@id\":\"https:\/\/heinz-immobilier.ch\/de\/contact\/#breadcrumb\"},\"inLanguage\":\"de\",\"potentialAction\":[{\"@type\":\"ReadAction\",\"target\":[\"https:\/\/heinz-immobilier.ch\/de\/contact\/\"]}]},{\"@type\":\"ImageObject\",\"inLanguage\":\"de\",\"@id\":\"https:\/\/heinz-immobilier.ch\/de\/contact\/#primaryimage\",\"url\":\"https:\/\/heinz-immobilier.ch\/wp-content\/uploads\/2019\/12\/heinz_immobilier_contact-1024x768.jpg\",\"contentUrl\":\"https:\/\/heinz-immobilier.ch\/wp-content\/uploads\/2019\/12\/heinz_immobilier_contact-1024x768.jpg\"},{\"@type\":\"BreadcrumbList\",\"@id\":\"https:\/\/heinz-immobilier.ch\/de\/contact\/#breadcrumb\",\"itemListElement\":[{\"@type\":\"ListItem\",\"position\":1,\"name\":\"Accueil\",\"item\":\"https:\/\/heinz-immobilier.ch\/de\/\"},{\"@type\":\"ListItem\",\"position\":2,\"name\":\"Contact\"}]},{\"@type\":\"WebSite\",\"@id\":\"https:\/\/heinz-immobilier.ch\/de\/#website\",\"url\":\"https:\/\/heinz-immobilier.ch\/de\/\",\"name\":\"heinz immobilier\",\"description\":\"Vente de bien immobiliers \u00e0 Verbier\",\"potentialAction\":[{\"@type\":\"SearchAction\",\"target\":{\"@type\":\"EntryPoint\",\"urlTemplate\":\"https:\/\/heinz-immobilier.ch\/de\/?s={search_term_string}\"},\"query-input\":{\"@type\":\"PropertyValueSpecification\",\"valueRequired\":true,\"valueName\":\"search_term_string\"}}],\"inLanguage\":\"de\"}]}<\/script>\n<!-- \/ Yoast SEO plugin. -->","yoast_head_json":{"title":"Contact - heinz immobilier","robots":{"index":"index","follow":"follow","max-snippet":"max-snippet:-1","max-image-preview":"max-image-preview:large","max-video-preview":"max-video-preview:-1"},"canonical":"https:\/\/heinz-immobilier.ch\/de\/contact\/","og_locale":"de_DE","og_type":"article","og_title":"Contact - heinz immobilier","og_description":"Kontakt SENDEN SIE UNS EINE NACHRICHT und wir werden Ihnen so schnell wie m\u00f6glich per E-Mail antworten. Gerne stehen wir f\u00fcr weitere Fragen zu Ihrer Verf\u00fcgung HEINZ IMMOBILIER Rue de la Poste 25 CH 1936 Verbier +41 79 306 27 09","og_url":"https:\/\/heinz-immobilier.ch\/de\/contact\/","og_site_name":"heinz immobilier","article_modified_time":"2020-03-03T17:20:48+00:00","og_image":[{"url":"https:\/\/heinz-immobilier.ch\/wp-content\/uploads\/2019\/12\/heinz_immobilier_contact-1024x768.jpg","type":"","width":"","height":""}],"twitter_card":"summary_large_image","schema":{"@context":"https:\/\/schema.org","@graph":[{"@type":"WebPage","@id":"https:\/\/heinz-immobilier.ch\/de\/contact\/","url":"https:\/\/heinz-immobilier.ch\/de\/contact\/","name":"Contact - heinz immobilier","isPartOf":{"@id":"https:\/\/heinz-immobilier.ch\/de\/#website"},"primaryImageOfPage":{"@id":"https:\/\/heinz-immobilier.ch\/de\/contact\/#primaryimage"},"image":{"@id":"https:\/\/heinz-immobilier.ch\/de\/contact\/#primaryimage"},"thumbnailUrl":"https:\/\/heinz-immobilier.ch\/wp-content\/uploads\/2019\/12\/heinz_immobilier_contact-1024x768.jpg","datePublished":"2016-10-05T13:54:28+00:00","dateModified":"2020-03-03T17:20:48+00:00","breadcrumb":{"@id":"https:\/\/heinz-immobilier.ch\/de\/contact\/#breadcrumb"},"inLanguage":"de","potentialAction":[{"@type":"ReadAction","target":["https:\/\/heinz-immobilier.ch\/de\/contact\/"]}]},{"@type":"ImageObject","inLanguage":"de","@id":"https:\/\/heinz-immobilier.ch\/de\/contact\/#primaryimage","url":"https:\/\/heinz-immobilier.ch\/wp-content\/uploads\/2019\/12\/heinz_immobilier_contact-1024x768.jpg","contentUrl":"https:\/\/heinz-immobilier.ch\/wp-content\/uploads\/2019\/12\/heinz_immobilier_contact-1024x768.jpg"},{"@type":"BreadcrumbList","@id":"https:\/\/heinz-immobilier.ch\/de\/contact\/#breadcrumb","itemListElement":[{"@type":"ListItem","position":1,"name":"Accueil","item":"https:\/\/heinz-immobilier.ch\/de\/"},{"@type":"ListItem","position":2,"name":"Contact"}]},{"@type":"WebSite","@id":"https:\/\/heinz-immobilier.ch\/de\/#website","url":"https:\/\/heinz-immobilier.ch\/de\/","name":"heinz immobilier","description":"Vente de bien immobiliers \u00e0 Verbier","potentialAction":[{"@type":"SearchAction","target":{"@type":"EntryPoint","urlTemplate":"https:\/\/heinz-immobilier.ch\/de\/?s={search_term_string}"},"query-input":{"@type":"PropertyValueSpecification","valueRequired":true,"valueName":"search_term_string"}}],"inLanguage":"de"}]}},"_links":{"self":[{"href":"https:\/\/heinz-immobilier.ch\/de\/wp-json\/wp\/v2\/pages\/4500","targetHints":{"allow":["GET"]}}],"collection":[{"href":"https:\/\/heinz-immobilier.ch\/de\/wp-json\/wp\/v2\/pages"}],"about":[{"href":"https:\/\/heinz-immobilier.ch\/de\/wp-json\/wp\/v2\/types\/page"}],"author":[{"embeddable":true,"href":"https:\/\/heinz-immobilier.ch\/de\/wp-json\/wp\/v2\/users\/1"}],"replies":[{"embeddable":true,"href":"https:\/\/heinz-immobilier.ch\/de\/wp-json\/wp\/v2\/comments?post=4500"}],"version-history":[{"count":7,"href":"https:\/\/heinz-immobilier.ch\/de\/wp-json\/wp\/v2\/pages\/4500\/revisions"}],"predecessor-version":[{"id":4793,"href":"https:\/\/heinz-immobilier.ch\/de\/wp-json\/wp\/v2\/pages\/4500\/revisions\/4793"}],"wp:attachment":[{"href":"https:\/\/heinz-immobilier.ch\/de\/wp-json\/wp\/v2\/media?parent=4500"}],"curies":[{"name":"wp","href":"https:\/\/api.w.org\/{rel}","templated":true}]}}